{"id":5520,"date":"2023-11-09T11:48:23","date_gmt":"2023-11-09T11:48:23","guid":{"rendered":"https:\/\/initalyristorazione.al\/recipes\/pizza\/"},"modified":"2023-11-21T15:52:29","modified_gmt":"2023-11-21T15:52:29","slug":"pizza","status":"publish","type":"page","link":"https:\/\/initalyristorazione.al\/en\/recipes\/pizza\/","title":{"rendered":"Pizza"},"content":{"rendered":"\t\t<div data-elementor-type=\"wp-page\" data-elementor-id=\"5520\" class=\"elementor elementor-5520 elementor-5339\" data-elementor-post-type=\"page\">\n\t\t\t\t\t\t<section class=\"elementor-section elementor-top-section elementor-element elementor-element-c802714 elementor-section-height-min-height elementor-section-boxed elementor-section-height-default elementor-section-items-middle\" data-id=\"c802714\" data-element_type=\"section\" data-settings=\"{&quot;background_background&quot;:&quot;classic&quot;}\">\n\t\t\t\t\t\t\t<div class=\"elementor-background-overlay\"><\/div>\n\t\t\t\t\t\t\t<div class=\"elementor-container elementor-column-gap-default\">\n\t\t\t\t\t<div class=\"elementor-column elementor-col-100 elementor-top-column elementor-element elementor-element-4f3a466\" data-id=\"4f3a466\" data-element_type=\"column\">\n\t\t\t<div class=\"elementor-widget-wrap elementor-element-populated\">\n\t\t\t\t\t\t<div class=\"elementor-element elementor-element-c0a6068 elementor-widget elementor-widget-heading\" data-id=\"c0a6068\" data-element_type=\"widget\" data-widget_type=\"heading.default\">\n\t\t\t\t<div class=\"elementor-widget-container\">\n\t\t\t\t\t<h2 class=\"elementor-heading-title elementor-size-default\">Pizza<\/h2>\t\t\t\t<\/div>\n\t\t\t\t<\/div>\n\t\t\t\t<div class=\"elementor-element elementor-element-8d4cac0 elementor-widget elementor-widget-text-editor\" data-id=\"8d4cac0\" data-element_type=\"widget\" data-widget_type=\"text-editor.default\">\n\t\t\t\t<div class=\"elementor-widget-container\">\n\t\t\t\t\t\t\t\t\t<p><a href=\"\/\">Home<\/a> \/ Receta<\/p>\t\t\t\t\t\t\t\t<\/div>\n\t\t\t\t<\/div>\n\t\t\t\t<div class=\"elementor-element elementor-element-c6ad0dc elementor-align-center elementor-widget elementor-widget-button\" data-id=\"c6ad0dc\" data-element_type=\"widget\" data-widget_type=\"button.default\">\n\t\t\t\t<div class=\"elementor-widget-container\">\n\t\t\t\t\t\t\t\t\t<div class=\"elementor-button-wrapper\">\n\t\t\t\t\t<a class=\"elementor-button elementor-button-link elementor-size-sm\" href=\"\/receta\/\">\n\t\t\t\t\t\t<span class=\"elementor-button-content-wrapper\">\n\t\t\t\t\t\t<span class=\"elementor-button-icon\">\n\t\t\t\t<i aria-hidden=\"true\" class=\"fas fa-arrow-left\"><\/i>\t\t\t<\/span>\n\t\t\t\t\t\t\t\t\t<span class=\"elementor-button-text\">Kthehu Mbrapa<\/span>\n\t\t\t\t\t<\/span>\n\t\t\t\t\t<\/a>\n\t\t\t\t<\/div>\n\t\t\t\t\t\t\t\t<\/div>\n\t\t\t\t<\/div>\n\t\t\t\t\t<\/div>\n\t\t<\/div>\n\t\t\t\t\t<\/div>\n\t\t<\/section>\n\t\t<div class=\"elementor-element elementor-element-e4ff1ab e-flex e-con-boxed e-con e-parent\" data-id=\"e4ff1ab\" data-element_type=\"container\">\n\t\t\t\t\t<div class=\"e-con-inner\">\n\t\t<div class=\"elementor-element elementor-element-0004be8 e-con-full initaly_receta e-flex e-con e-child\" data-id=\"0004be8\" data-element_type=\"container\">\n\t\t\t\t<div class=\"elementor-element elementor-element-c0667d6 elementor-widget elementor-widget-image\" data-id=\"c0667d6\" data-element_type=\"widget\" data-widget_type=\"image.default\">\n\t\t\t\t<div class=\"elementor-widget-container\">\n\t\t\t\t\t\t\t\t\t\t\t\t\t\t\t\t<a href=\"https:\/\/initalyristorazione.al\/wp-content\/uploads\/2023\/11\/receta-01.jpg\" data-elementor-open-lightbox=\"yes\" data-elementor-lightbox-title=\"receta 01\" data-e-action-hash=\"#elementor-action%3Aaction%3Dlightbox%26settings%3DeyJpZCI6NjQyMCwidXJsIjoiaHR0cHM6XC9cL2luaXRhbHlyaXN0b3JhemlvbmUuYWxcL3dwLWNvbnRlbnRcL3VwbG9hZHNcLzIwMjNcLzExXC9yZWNldGEtMDEuanBnIn0%3D\">\n\t\t\t\t\t\t\t<img fetchpriority=\"high\" decoding=\"async\" width=\"676\" height=\"1024\" src=\"https:\/\/initalyristorazione.al\/wp-content\/uploads\/2023\/11\/receta-01.jpg\" class=\"attachment-full size-full wp-image-6420\" alt=\"\" srcset=\"https:\/\/initalyristorazione.al\/wp-content\/uploads\/2023\/11\/receta-01.jpg 676w, https:\/\/initalyristorazione.al\/wp-content\/uploads\/2023\/11\/receta-01-198x300.jpg 198w\" sizes=\"(max-width: 676px) 100vw, 676px\" \/>\t\t\t\t\t\t\t\t<\/a>\n\t\t\t\t\t\t\t\t\t\t\t\t\t\t\t<\/div>\n\t\t\t\t<\/div>\n\t\t\t\t<div class=\"elementor-element elementor-element-ced13a1 button_recete elementor-widget elementor-widget-button\" data-id=\"ced13a1\" data-element_type=\"widget\" data-widget_type=\"button.default\">\n\t\t\t\t<div class=\"elementor-widget-container\">\n\t\t\t\t\t\t\t\t\t<div class=\"elementor-button-wrapper\">\n\t\t\t\t\t<a class=\"elementor-button elementor-size-sm\" role=\"button\">\n\t\t\t\t\t\t<span class=\"elementor-button-content-wrapper\">\n\t\t\t\t\t\t\t\t\t<span class=\"elementor-button-text\">Shiko m\u00eb shum\u00eb<\/span>\n\t\t\t\t\t<\/span>\n\t\t\t\t\t<\/a>\n\t\t\t\t<\/div>\n\t\t\t\t\t\t\t\t<\/div>\n\t\t\t\t<\/div>\n\t\t\t\t<\/div>\n\t\t<div class=\"elementor-element elementor-element-f6fa6bf e-con-full initaly_receta e-flex e-con e-child\" data-id=\"f6fa6bf\" data-element_type=\"container\">\n\t\t\t\t<div class=\"elementor-element elementor-element-d43e03d elementor-widget elementor-widget-image\" data-id=\"d43e03d\" data-element_type=\"widget\" data-widget_type=\"image.default\">\n\t\t\t\t<div class=\"elementor-widget-container\">\n\t\t\t\t\t\t\t\t\t\t\t\t\t\t\t\t<a href=\"https:\/\/initalyristorazione.al\/wp-content\/uploads\/2023\/11\/receta-02.jpg\" data-elementor-open-lightbox=\"yes\" data-elementor-lightbox-title=\"receta 02\" data-e-action-hash=\"#elementor-action%3Aaction%3Dlightbox%26settings%3DeyJpZCI6NjQyMywidXJsIjoiaHR0cHM6XC9cL2luaXRhbHlyaXN0b3JhemlvbmUuYWxcL3dwLWNvbnRlbnRcL3VwbG9hZHNcLzIwMjNcLzExXC9yZWNldGEtMDIuanBnIn0%3D\">\n\t\t\t\t\t\t\t<img decoding=\"async\" width=\"676\" height=\"1024\" src=\"https:\/\/initalyristorazione.al\/wp-content\/uploads\/2023\/11\/receta-02.jpg\" class=\"attachment-full size-full wp-image-6423\" alt=\"\" srcset=\"https:\/\/initalyristorazione.al\/wp-content\/uploads\/2023\/11\/receta-02.jpg 676w, https:\/\/initalyristorazione.al\/wp-content\/uploads\/2023\/11\/receta-02-198x300.jpg 198w\" sizes=\"(max-width: 676px) 100vw, 676px\" \/>\t\t\t\t\t\t\t\t<\/a>\n\t\t\t\t\t\t\t\t\t\t\t\t\t\t\t<\/div>\n\t\t\t\t<\/div>\n\t\t\t\t<div class=\"elementor-element elementor-element-a9b3431 button_recete elementor-widget elementor-widget-button\" data-id=\"a9b3431\" data-element_type=\"widget\" data-widget_type=\"button.default\">\n\t\t\t\t<div class=\"elementor-widget-container\">\n\t\t\t\t\t\t\t\t\t<div class=\"elementor-button-wrapper\">\n\t\t\t\t\t<a class=\"elementor-button elementor-size-sm\" role=\"button\">\n\t\t\t\t\t\t<span class=\"elementor-button-content-wrapper\">\n\t\t\t\t\t\t\t\t\t<span class=\"elementor-button-text\">Shiko m\u00eb shum\u00eb<\/span>\n\t\t\t\t\t<\/span>\n\t\t\t\t\t<\/a>\n\t\t\t\t<\/div>\n\t\t\t\t\t\t\t\t<\/div>\n\t\t\t\t<\/div>\n\t\t\t\t<\/div>\n\t\t<div class=\"elementor-element elementor-element-81d51f3 e-con-full initaly_receta e-flex e-con e-child\" data-id=\"81d51f3\" data-element_type=\"container\">\n\t\t\t\t<div class=\"elementor-element elementor-element-98f9c55 elementor-widget elementor-widget-image\" data-id=\"98f9c55\" data-element_type=\"widget\" data-widget_type=\"image.default\">\n\t\t\t\t<div class=\"elementor-widget-container\">\n\t\t\t\t\t\t\t\t\t\t\t\t\t\t\t\t<a href=\"https:\/\/initalyristorazione.al\/\/wp-content\/uploads\/2023\/09\/RECETA-PIZZA-KLASIKE.jpg\" data-elementor-open-lightbox=\"yes\" data-elementor-lightbox-title=\"RECETA PIZZA KLASIKE\" data-e-action-hash=\"#elementor-action%3Aaction%3Dlightbox%26settings%3DeyJpZCI6MzM5MCwidXJsIjoiaHR0cHM6XC9cL2luaXRhbHlyaXN0b3JhemlvbmUuYWxcL3dwLWNvbnRlbnRcL3VwbG9hZHNcLzIwMjNcLzA5XC9SRUNFVEEtUElaWkEtS0xBU0lLRS5qcGcifQ%3D%3D\">\n\t\t\t\t\t\t\t<img decoding=\"async\" width=\"1414\" height=\"2000\" src=\"https:\/\/initalyristorazione.al\/wp-content\/uploads\/2023\/09\/RECETA-PIZZA-KLASIKE.jpg\" class=\"attachment-full size-full wp-image-3390\" alt=\"\" srcset=\"https:\/\/initalyristorazione.al\/wp-content\/uploads\/2023\/09\/RECETA-PIZZA-KLASIKE.jpg 1414w, https:\/\/initalyristorazione.al\/wp-content\/uploads\/2023\/09\/RECETA-PIZZA-KLASIKE-212x300.jpg 212w, https:\/\/initalyristorazione.al\/wp-content\/uploads\/2023\/09\/RECETA-PIZZA-KLASIKE-724x1024.jpg 724w, https:\/\/initalyristorazione.al\/wp-content\/uploads\/2023\/09\/RECETA-PIZZA-KLASIKE-768x1086.jpg 768w, https:\/\/initalyristorazione.al\/wp-content\/uploads\/2023\/09\/RECETA-PIZZA-KLASIKE-1086x1536.jpg 1086w\" sizes=\"(max-width: 1414px) 100vw, 1414px\" \/>\t\t\t\t\t\t\t\t<\/a>\n\t\t\t\t\t\t\t\t\t\t\t\t\t\t\t<\/div>\n\t\t\t\t<\/div>\n\t\t\t\t<div class=\"elementor-element elementor-element-739d4ad button_recete elementor-widget elementor-widget-button\" data-id=\"739d4ad\" data-element_type=\"widget\" data-widget_type=\"button.default\">\n\t\t\t\t<div class=\"elementor-widget-container\">\n\t\t\t\t\t\t\t\t\t<div class=\"elementor-button-wrapper\">\n\t\t\t\t\t<a class=\"elementor-button elementor-size-sm\" role=\"button\">\n\t\t\t\t\t\t<span class=\"elementor-button-content-wrapper\">\n\t\t\t\t\t\t\t\t\t<span class=\"elementor-button-text\">Shiko m\u00eb shum\u00eb<\/span>\n\t\t\t\t\t<\/span>\n\t\t\t\t\t<\/a>\n\t\t\t\t<\/div>\n\t\t\t\t\t\t\t\t<\/div>\n\t\t\t\t<\/div>\n\t\t\t\t<\/div>\n\t\t<div class=\"elementor-element elementor-element-a790b29 e-con-full initaly_receta e-flex e-con e-child\" data-id=\"a790b29\" data-element_type=\"container\">\n\t\t\t\t<div class=\"elementor-element elementor-element-e77ec86 elementor-widget elementor-widget-image\" data-id=\"e77ec86\" data-element_type=\"widget\" data-widget_type=\"image.default\">\n\t\t\t\t<div class=\"elementor-widget-container\">\n\t\t\t\t\t\t\t\t\t\t\t\t\t\t\t\t<a href=\"https:\/\/initalyristorazione.al\/\/wp-content\/uploads\/2023\/09\/RECETA-PIZZA-INITALY.jpg\" data-elementor-open-lightbox=\"yes\" data-elementor-lightbox-title=\"RECETA PIZZA INITALY\" data-e-action-hash=\"#elementor-action%3Aaction%3Dlightbox%26settings%3DeyJpZCI6MzM5MiwidXJsIjoiaHR0cHM6XC9cL2luaXRhbHlyaXN0b3JhemlvbmUuYWxcL3dwLWNvbnRlbnRcL3VwbG9hZHNcLzIwMjNcLzA5XC9SRUNFVEEtUElaWkEtSU5JVEFMWS5qcGcifQ%3D%3D\">\n\t\t\t\t\t\t\t<img loading=\"lazy\" decoding=\"async\" width=\"793\" height=\"1122\" src=\"https:\/\/initalyristorazione.al\/wp-content\/uploads\/2023\/09\/RECETA-PIZZA-INITALY.jpg\" class=\"attachment-full size-full wp-image-3392\" alt=\"\" srcset=\"https:\/\/initalyristorazione.al\/wp-content\/uploads\/2023\/09\/RECETA-PIZZA-INITALY.jpg 793w, https:\/\/initalyristorazione.al\/wp-content\/uploads\/2023\/09\/RECETA-PIZZA-INITALY-212x300.jpg 212w, https:\/\/initalyristorazione.al\/wp-content\/uploads\/2023\/09\/RECETA-PIZZA-INITALY-724x1024.jpg 724w, https:\/\/initalyristorazione.al\/wp-content\/uploads\/2023\/09\/RECETA-PIZZA-INITALY-768x1087.jpg 768w\" sizes=\"(max-width: 793px) 100vw, 793px\" \/>\t\t\t\t\t\t\t\t<\/a>\n\t\t\t\t\t\t\t\t\t\t\t\t\t\t\t<\/div>\n\t\t\t\t<\/div>\n\t\t\t\t<div class=\"elementor-element elementor-element-f9767d7 button_recete elementor-widget elementor-widget-button\" data-id=\"f9767d7\" data-element_type=\"widget\" data-widget_type=\"button.default\">\n\t\t\t\t<div class=\"elementor-widget-container\">\n\t\t\t\t\t\t\t\t\t<div class=\"elementor-button-wrapper\">\n\t\t\t\t\t<a class=\"elementor-button elementor-size-sm\" role=\"button\">\n\t\t\t\t\t\t<span class=\"elementor-button-content-wrapper\">\n\t\t\t\t\t\t\t\t\t<span class=\"elementor-button-text\">Shiko m\u00eb shum\u00eb<\/span>\n\t\t\t\t\t<\/span>\n\t\t\t\t\t<\/a>\n\t\t\t\t<\/div>\n\t\t\t\t\t\t\t\t<\/div>\n\t\t\t\t<\/div>\n\t\t\t\t<\/div>\n\t\t<div class=\"elementor-element elementor-element-c7d883b e-con-full initaly_receta e-flex e-con e-child\" data-id=\"c7d883b\" data-element_type=\"container\">\n\t\t\t\t<div class=\"elementor-element elementor-element-3b1b060 elementor-widget elementor-widget-image\" data-id=\"3b1b060\" data-element_type=\"widget\" data-widget_type=\"image.default\">\n\t\t\t\t<div class=\"elementor-widget-container\">\n\t\t\t\t\t\t\t\t\t\t\t\t\t\t\t\t<a href=\"https:\/\/initalyristorazione.al\/\/wp-content\/uploads\/2023\/09\/PIZZA-KROKANTE-INITALY.jpg\" data-elementor-open-lightbox=\"yes\" data-elementor-lightbox-title=\"PIZZA KROKANTE INITALY\" data-e-action-hash=\"#elementor-action%3Aaction%3Dlightbox%26settings%3DeyJpZCI6MzM5NCwidXJsIjoiaHR0cHM6XC9cL2luaXRhbHlyaXN0b3JhemlvbmUuYWxcL3dwLWNvbnRlbnRcL3VwbG9hZHNcLzIwMjNcLzA5XC9QSVpaQS1LUk9LQU5URS1JTklUQUxZLmpwZyJ9\">\n\t\t\t\t\t\t\t<img loading=\"lazy\" decoding=\"async\" width=\"793\" height=\"1122\" src=\"https:\/\/initalyristorazione.al\/wp-content\/uploads\/2023\/09\/PIZZA-KROKANTE-INITALY.jpg\" class=\"attachment-full size-full wp-image-3394\" alt=\"\" srcset=\"https:\/\/initalyristorazione.al\/wp-content\/uploads\/2023\/09\/PIZZA-KROKANTE-INITALY.jpg 793w, https:\/\/initalyristorazione.al\/wp-content\/uploads\/2023\/09\/PIZZA-KROKANTE-INITALY-212x300.jpg 212w, https:\/\/initalyristorazione.al\/wp-content\/uploads\/2023\/09\/PIZZA-KROKANTE-INITALY-724x1024.jpg 724w, https:\/\/initalyristorazione.al\/wp-content\/uploads\/2023\/09\/PIZZA-KROKANTE-INITALY-768x1087.jpg 768w\" sizes=\"(max-width: 793px) 100vw, 793px\" \/>\t\t\t\t\t\t\t\t<\/a>\n\t\t\t\t\t\t\t\t\t\t\t\t\t\t\t<\/div>\n\t\t\t\t<\/div>\n\t\t\t\t<div class=\"elementor-element elementor-element-911a70d button_recete elementor-widget elementor-widget-button\" data-id=\"911a70d\" data-element_type=\"widget\" data-widget_type=\"button.default\">\n\t\t\t\t<div class=\"elementor-widget-container\">\n\t\t\t\t\t\t\t\t\t<div class=\"elementor-button-wrapper\">\n\t\t\t\t\t<a class=\"elementor-button elementor-size-sm\" role=\"button\">\n\t\t\t\t\t\t<span class=\"elementor-button-content-wrapper\">\n\t\t\t\t\t\t\t\t\t<span class=\"elementor-button-text\">Shiko m\u00eb shum\u00eb<\/span>\n\t\t\t\t\t<\/span>\n\t\t\t\t\t<\/a>\n\t\t\t\t<\/div>\n\t\t\t\t\t\t\t\t<\/div>\n\t\t\t\t<\/div>\n\t\t\t\t<\/div>\n\t\t\t\t\t<\/div>\n\t\t\t\t<\/div>\n\t\t\t\t<\/div>\n\t\t","protected":false},"excerpt":{"rendered":"<p>Home \/ Receta Kthehu Mbrapa Shiko m\u00eb shum\u00eb Shiko m\u00eb shum\u00eb Shiko m\u00eb shum\u00eb Shiko m\u00eb shum\u00eb Shiko m\u00eb shum\u00eb<\/p>\n","protected":false},"author":1,"featured_media":0,"parent":3956,"menu_order":0,"comment_status":"closed","ping_status":"closed","template":"elementor_header_footer","meta":{"footnotes":""},"class_list":["post-5520","page","type-page","status-publish","hentry","single-post-custom-class-1"],"acf":[],"yoast_head":"<!-- This site is optimized with the Yoast SEO plugin v26.8 - https:\/\/yoast.com\/product\/yoast-seo-wordpress\/ -->\n<title>Pizza - INITALY RISTO &amp; GUSTO<\/title>\n<meta name=\"robots\" content=\"index, follow, max-snippet:-1, max-image-preview:large, max-video-preview:-1\" \/>\n<link rel=\"canonical\" href=\"https:\/\/initalyristorazione.al\/en\/recipes\/pizza\/\" \/>\n<meta property=\"og:locale\" content=\"en_US\" \/>\n<meta property=\"og:type\" content=\"article\" \/>\n<meta property=\"og:title\" content=\"Pizza - INITALY RISTO &amp; GUSTO\" \/>\n<meta property=\"og:description\" content=\"Home \/ Receta Kthehu Mbrapa Shiko m\u00eb shum\u00eb Shiko m\u00eb shum\u00eb Shiko m\u00eb shum\u00eb Shiko m\u00eb shum\u00eb Shiko m\u00eb shum\u00eb\" \/>\n<meta property=\"og:url\" content=\"https:\/\/initalyristorazione.al\/en\/recipes\/pizza\/\" \/>\n<meta property=\"og:site_name\" content=\"INITALY RISTO &amp; GUSTO\" \/>\n<meta property=\"article:modified_time\" content=\"2023-11-21T15:52:29+00:00\" \/>\n<meta property=\"og:image\" content=\"https:\/\/initalyristorazione.al\/wp-content\/uploads\/2023\/11\/receta-01.jpg\" \/>\n<meta name=\"twitter:card\" content=\"summary_large_image\" \/>\n<meta name=\"twitter:label1\" content=\"Est. reading time\" \/>\n\t<meta name=\"twitter:data1\" content=\"2 minutes\" \/>\n<script type=\"application\/ld+json\" class=\"yoast-schema-graph\">{\"@context\":\"https:\/\/schema.org\",\"@graph\":[{\"@type\":\"WebPage\",\"@id\":\"https:\/\/initalyristorazione.al\/en\/recipes\/pizza\/\",\"url\":\"https:\/\/initalyristorazione.al\/en\/recipes\/pizza\/\",\"name\":\"Pizza - INITALY RISTO &amp; GUSTO\",\"isPartOf\":{\"@id\":\"https:\/\/initalyristorazione.al\/#website\"},\"primaryImageOfPage\":{\"@id\":\"https:\/\/initalyristorazione.al\/en\/recipes\/pizza\/#primaryimage\"},\"image\":{\"@id\":\"https:\/\/initalyristorazione.al\/en\/recipes\/pizza\/#primaryimage\"},\"thumbnailUrl\":\"https:\/\/initalyristorazione.al\/wp-content\/uploads\/2023\/11\/receta-01.jpg\",\"datePublished\":\"2023-11-09T11:48:23+00:00\",\"dateModified\":\"2023-11-21T15:52:29+00:00\",\"breadcrumb\":{\"@id\":\"https:\/\/initalyristorazione.al\/en\/recipes\/pizza\/#breadcrumb\"},\"inLanguage\":\"en-US\",\"potentialAction\":[{\"@type\":\"ReadAction\",\"target\":[\"https:\/\/initalyristorazione.al\/en\/recipes\/pizza\/\"]}]},{\"@type\":\"ImageObject\",\"inLanguage\":\"en-US\",\"@id\":\"https:\/\/initalyristorazione.al\/en\/recipes\/pizza\/#primaryimage\",\"url\":\"https:\/\/initalyristorazione.al\/wp-content\/uploads\/2023\/11\/receta-01.jpg\",\"contentUrl\":\"https:\/\/initalyristorazione.al\/wp-content\/uploads\/2023\/11\/receta-01.jpg\"},{\"@type\":\"BreadcrumbList\",\"@id\":\"https:\/\/initalyristorazione.al\/en\/recipes\/pizza\/#breadcrumb\",\"itemListElement\":[{\"@type\":\"ListItem\",\"position\":1,\"name\":\"Home\",\"item\":\"https:\/\/initalyristorazione.al\/\"},{\"@type\":\"ListItem\",\"position\":2,\"name\":\"Recipes\",\"item\":\"https:\/\/initalyristorazione.al\/en\/recipes\/\"},{\"@type\":\"ListItem\",\"position\":3,\"name\":\"Pizza\"}]},{\"@type\":\"WebSite\",\"@id\":\"https:\/\/initalyristorazione.al\/#website\",\"url\":\"https:\/\/initalyristorazione.al\/\",\"name\":\"INITALY RISTO &amp; GUSTO\",\"description\":\"\",\"potentialAction\":[{\"@type\":\"SearchAction\",\"target\":{\"@type\":\"EntryPoint\",\"urlTemplate\":\"https:\/\/initalyristorazione.al\/?s={search_term_string}\"},\"query-input\":{\"@type\":\"PropertyValueSpecification\",\"valueRequired\":true,\"valueName\":\"search_term_string\"}}],\"inLanguage\":\"en-US\"}]}<\/script>\n<!-- \/ Yoast SEO plugin. -->","yoast_head_json":{"title":"Pizza - INITALY RISTO &amp; GUSTO","robots":{"index":"index","follow":"follow","max-snippet":"max-snippet:-1","max-image-preview":"max-image-preview:large","max-video-preview":"max-video-preview:-1"},"canonical":"https:\/\/initalyristorazione.al\/en\/recipes\/pizza\/","og_locale":"en_US","og_type":"article","og_title":"Pizza - INITALY RISTO &amp; GUSTO","og_description":"Home \/ Receta Kthehu Mbrapa Shiko m\u00eb shum\u00eb Shiko m\u00eb shum\u00eb Shiko m\u00eb shum\u00eb Shiko m\u00eb shum\u00eb Shiko m\u00eb shum\u00eb","og_url":"https:\/\/initalyristorazione.al\/en\/recipes\/pizza\/","og_site_name":"INITALY RISTO &amp; GUSTO","article_modified_time":"2023-11-21T15:52:29+00:00","og_image":[{"url":"https:\/\/initalyristorazione.al\/wp-content\/uploads\/2023\/11\/receta-01.jpg","type":"","width":"","height":""}],"twitter_card":"summary_large_image","twitter_misc":{"Est. reading time":"2 minutes"},"schema":{"@context":"https:\/\/schema.org","@graph":[{"@type":"WebPage","@id":"https:\/\/initalyristorazione.al\/en\/recipes\/pizza\/","url":"https:\/\/initalyristorazione.al\/en\/recipes\/pizza\/","name":"Pizza - INITALY RISTO &amp; GUSTO","isPartOf":{"@id":"https:\/\/initalyristorazione.al\/#website"},"primaryImageOfPage":{"@id":"https:\/\/initalyristorazione.al\/en\/recipes\/pizza\/#primaryimage"},"image":{"@id":"https:\/\/initalyristorazione.al\/en\/recipes\/pizza\/#primaryimage"},"thumbnailUrl":"https:\/\/initalyristorazione.al\/wp-content\/uploads\/2023\/11\/receta-01.jpg","datePublished":"2023-11-09T11:48:23+00:00","dateModified":"2023-11-21T15:52:29+00:00","breadcrumb":{"@id":"https:\/\/initalyristorazione.al\/en\/recipes\/pizza\/#breadcrumb"},"inLanguage":"en-US","potentialAction":[{"@type":"ReadAction","target":["https:\/\/initalyristorazione.al\/en\/recipes\/pizza\/"]}]},{"@type":"ImageObject","inLanguage":"en-US","@id":"https:\/\/initalyristorazione.al\/en\/recipes\/pizza\/#primaryimage","url":"https:\/\/initalyristorazione.al\/wp-content\/uploads\/2023\/11\/receta-01.jpg","contentUrl":"https:\/\/initalyristorazione.al\/wp-content\/uploads\/2023\/11\/receta-01.jpg"},{"@type":"BreadcrumbList","@id":"https:\/\/initalyristorazione.al\/en\/recipes\/pizza\/#breadcrumb","itemListElement":[{"@type":"ListItem","position":1,"name":"Home","item":"https:\/\/initalyristorazione.al\/"},{"@type":"ListItem","position":2,"name":"Recipes","item":"https:\/\/initalyristorazione.al\/en\/recipes\/"},{"@type":"ListItem","position":3,"name":"Pizza"}]},{"@type":"WebSite","@id":"https:\/\/initalyristorazione.al\/#website","url":"https:\/\/initalyristorazione.al\/","name":"INITALY RISTO &amp; GUSTO","description":"","potentialAction":[{"@type":"SearchAction","target":{"@type":"EntryPoint","urlTemplate":"https:\/\/initalyristorazione.al\/?s={search_term_string}"},"query-input":{"@type":"PropertyValueSpecification","valueRequired":true,"valueName":"search_term_string"}}],"inLanguage":"en-US"}]}},"_links":{"self":[{"href":"https:\/\/initalyristorazione.al\/en\/wp-json\/wp\/v2\/pages\/5520","targetHints":{"allow":["GET"]}}],"collection":[{"href":"https:\/\/initalyristorazione.al\/en\/wp-json\/wp\/v2\/pages"}],"about":[{"href":"https:\/\/initalyristorazione.al\/en\/wp-json\/wp\/v2\/types\/page"}],"author":[{"embeddable":true,"href":"https:\/\/initalyristorazione.al\/en\/wp-json\/wp\/v2\/users\/1"}],"replies":[{"embeddable":true,"href":"https:\/\/initalyristorazione.al\/en\/wp-json\/wp\/v2\/comments?post=5520"}],"version-history":[{"count":0,"href":"https:\/\/initalyristorazione.al\/en\/wp-json\/wp\/v2\/pages\/5520\/revisions"}],"up":[{"embeddable":true,"href":"https:\/\/initalyristorazione.al\/en\/wp-json\/wp\/v2\/pages\/3956"}],"wp:attachment":[{"href":"https:\/\/initalyristorazione.al\/en\/wp-json\/wp\/v2\/media?parent=5520"}],"curies":[{"name":"wp","href":"https:\/\/api.w.org\/{rel}","templated":true}]}}