{"id":5525,"date":"2023-11-09T13:27:45","date_gmt":"2023-11-09T13:27:45","guid":{"rendered":"https:\/\/initalyristorazione.al\/recipes\/embelsira\/"},"modified":"2023-11-21T15:47:54","modified_gmt":"2023-11-21T15:47:54","slug":"dessert","status":"publish","type":"page","link":"https:\/\/initalyristorazione.al\/en\/recipes\/dessert\/","title":{"rendered":"Dessert"},"content":{"rendered":"\t\t<div data-elementor-type=\"wp-page\" data-elementor-id=\"5525\" class=\"elementor elementor-5525 elementor-5371\" data-elementor-post-type=\"page\">\n\t\t\t\t\t\t<section class=\"elementor-section elementor-top-section elementor-element elementor-element-a9caa45 elementor-section-height-min-height elementor-section-boxed elementor-section-height-default elementor-section-items-middle\" data-id=\"a9caa45\" data-element_type=\"section\" data-settings=\"{&quot;background_background&quot;:&quot;classic&quot;}\">\n\t\t\t\t\t\t\t<div class=\"elementor-background-overlay\"><\/div>\n\t\t\t\t\t\t\t<div class=\"elementor-container elementor-column-gap-default\">\n\t\t\t\t\t<div class=\"elementor-column elementor-col-100 elementor-top-column elementor-element elementor-element-2427fa1\" data-id=\"2427fa1\" data-element_type=\"column\">\n\t\t\t<div class=\"elementor-widget-wrap elementor-element-populated\">\n\t\t\t\t\t\t<div class=\"elementor-element elementor-element-8c37373 elementor-widget elementor-widget-heading\" data-id=\"8c37373\" data-element_type=\"widget\" data-widget_type=\"heading.default\">\n\t\t\t\t<div class=\"elementor-widget-container\">\n\t\t\t\t\t<h2 class=\"elementor-heading-title elementor-size-default\">Dessert<\/h2>\t\t\t\t<\/div>\n\t\t\t\t<\/div>\n\t\t\t\t<div class=\"elementor-element elementor-element-22cb131 elementor-widget elementor-widget-text-editor\" data-id=\"22cb131\" data-element_type=\"widget\" data-widget_type=\"text-editor.default\">\n\t\t\t\t<div class=\"elementor-widget-container\">\n\t\t\t\t\t\t\t\t\t<p><a href=\"\/\">Home<\/a> \/ Receta<\/p>\t\t\t\t\t\t\t\t<\/div>\n\t\t\t\t<\/div>\n\t\t\t\t<div class=\"elementor-element elementor-element-06c4e15 elementor-align-center elementor-widget elementor-widget-button\" data-id=\"06c4e15\" data-element_type=\"widget\" data-widget_type=\"button.default\">\n\t\t\t\t<div class=\"elementor-widget-container\">\n\t\t\t\t\t\t\t\t\t<div class=\"elementor-button-wrapper\">\n\t\t\t\t\t<a class=\"elementor-button elementor-button-link elementor-size-sm\" href=\"\/receta\/\">\n\t\t\t\t\t\t<span class=\"elementor-button-content-wrapper\">\n\t\t\t\t\t\t<span class=\"elementor-button-icon\">\n\t\t\t\t<i aria-hidden=\"true\" class=\"fas fa-arrow-left\"><\/i>\t\t\t<\/span>\n\t\t\t\t\t\t\t\t\t<span class=\"elementor-button-text\">Kthehu Mbrapa<\/span>\n\t\t\t\t\t<\/span>\n\t\t\t\t\t<\/a>\n\t\t\t\t<\/div>\n\t\t\t\t\t\t\t\t<\/div>\n\t\t\t\t<\/div>\n\t\t\t\t\t<\/div>\n\t\t<\/div>\n\t\t\t\t\t<\/div>\n\t\t<\/section>\n\t\t<div class=\"elementor-element elementor-element-b171d7f elementor-hidden-desktop elementor-hidden-laptop elementor-hidden-tablet elementor-hidden-mobile e-flex e-con-boxed e-con e-parent\" data-id=\"b171d7f\" data-element_type=\"container\">\n\t\t\t\t\t<div class=\"e-con-inner\">\n\t\t<div class=\"elementor-element elementor-element-7693e96 e-con-full initaly_receta e-flex e-con e-child\" data-id=\"7693e96\" data-element_type=\"container\">\n\t\t\t\t<div class=\"elementor-element elementor-element-84bb788 elementor-widget elementor-widget-image\" data-id=\"84bb788\" data-element_type=\"widget\" data-widget_type=\"image.default\">\n\t\t\t\t<div class=\"elementor-widget-container\">\n\t\t\t\t\t\t\t\t\t\t\t\t\t\t\t\t<a href=\"https:\/\/initalyristorazione.al\/\/wp-content\/uploads\/2023\/09\/WhatsApp-Image-2023-09-25-at-15.57.24-1.jpeg\" data-elementor-open-lightbox=\"yes\" data-elementor-lightbox-title=\"WhatsApp Image 2023-09-25 at 15.57.24 (1)\" data-e-action-hash=\"#elementor-action%3Aaction%3Dlightbox%26settings%3DeyJpZCI6MzU2NCwidXJsIjoiaHR0cHM6XC9cL2luaXRhbHlyaXN0b3JhemlvbmUuYWxcL3dwLWNvbnRlbnRcL3VwbG9hZHNcLzIwMjNcLzA5XC9XaGF0c0FwcC1JbWFnZS0yMDIzLTA5LTI1LWF0LTE1LjU3LjI0LTEuanBlZyJ9\">\n\t\t\t\t\t\t\t<img fetchpriority=\"high\" decoding=\"async\" width=\"1080\" height=\"1582\" src=\"https:\/\/initalyristorazione.al\/wp-content\/uploads\/2023\/09\/WhatsApp-Image-2023-09-25-at-15.57.24-1.jpeg\" class=\"attachment-full size-full wp-image-3564\" alt=\"\" srcset=\"https:\/\/initalyristorazione.al\/wp-content\/uploads\/2023\/09\/WhatsApp-Image-2023-09-25-at-15.57.24-1.jpeg 1080w, https:\/\/initalyristorazione.al\/wp-content\/uploads\/2023\/09\/WhatsApp-Image-2023-09-25-at-15.57.24-1-205x300.jpeg 205w, https:\/\/initalyristorazione.al\/wp-content\/uploads\/2023\/09\/WhatsApp-Image-2023-09-25-at-15.57.24-1-699x1024.jpeg 699w, https:\/\/initalyristorazione.al\/wp-content\/uploads\/2023\/09\/WhatsApp-Image-2023-09-25-at-15.57.24-1-768x1125.jpeg 768w, https:\/\/initalyristorazione.al\/wp-content\/uploads\/2023\/09\/WhatsApp-Image-2023-09-25-at-15.57.24-1-1049x1536.jpeg 1049w\" sizes=\"(max-width: 1080px) 100vw, 1080px\" \/>\t\t\t\t\t\t\t\t<\/a>\n\t\t\t\t\t\t\t\t\t\t\t\t\t\t\t<\/div>\n\t\t\t\t<\/div>\n\t\t\t\t<div class=\"elementor-element elementor-element-ef4b6e3 button_recete elementor-widget elementor-widget-button\" data-id=\"ef4b6e3\" data-element_type=\"widget\" data-widget_type=\"button.default\">\n\t\t\t\t<div class=\"elementor-widget-container\">\n\t\t\t\t\t\t\t\t\t<div class=\"elementor-button-wrapper\">\n\t\t\t\t\t<a class=\"elementor-button elementor-size-sm\" role=\"button\">\n\t\t\t\t\t\t<span class=\"elementor-button-content-wrapper\">\n\t\t\t\t\t\t\t\t\t<span class=\"elementor-button-text\">Shiko m\u00eb shum\u00eb<\/span>\n\t\t\t\t\t<\/span>\n\t\t\t\t\t<\/a>\n\t\t\t\t<\/div>\n\t\t\t\t\t\t\t\t<\/div>\n\t\t\t\t<\/div>\n\t\t\t\t<\/div>\n\t\t<div class=\"elementor-element elementor-element-4889f24 e-con-full initaly_receta e-flex e-con e-child\" data-id=\"4889f24\" data-element_type=\"container\">\n\t\t\t\t<div class=\"elementor-element elementor-element-450605c elementor-widget elementor-widget-image\" data-id=\"450605c\" data-element_type=\"widget\" data-widget_type=\"image.default\">\n\t\t\t\t<div class=\"elementor-widget-container\">\n\t\t\t\t\t\t\t\t\t\t\t\t\t\t\t\t<a href=\"https:\/\/initalyristorazione.al\/\/wp-content\/uploads\/2023\/09\/MOUSSE-ME-PROSHUTE-PARMA.jpg\" data-elementor-open-lightbox=\"yes\" data-elementor-lightbox-title=\"MOUSSE ME PROSHUTE PARMA\" data-e-action-hash=\"#elementor-action%3Aaction%3Dlightbox%26settings%3DeyJpZCI6MzM2NCwidXJsIjoiaHR0cHM6XC9cL2luaXRhbHlyaXN0b3JhemlvbmUuYWxcL3dwLWNvbnRlbnRcL3VwbG9hZHNcLzIwMjNcLzA5XC9NT1VTU0UtTUUtUFJPU0hVVEUtUEFSTUEuanBnIn0%3D\">\n\t\t\t\t\t\t\t<img decoding=\"async\" width=\"900\" height=\"1600\" src=\"https:\/\/initalyristorazione.al\/wp-content\/uploads\/2023\/09\/MOUSSE-ME-PROSHUTE-PARMA.jpg\" class=\"attachment-full size-full wp-image-3364\" alt=\"\" srcset=\"https:\/\/initalyristorazione.al\/wp-content\/uploads\/2023\/09\/MOUSSE-ME-PROSHUTE-PARMA.jpg 900w, https:\/\/initalyristorazione.al\/wp-content\/uploads\/2023\/09\/MOUSSE-ME-PROSHUTE-PARMA-169x300.jpg 169w, https:\/\/initalyristorazione.al\/wp-content\/uploads\/2023\/09\/MOUSSE-ME-PROSHUTE-PARMA-576x1024.jpg 576w, https:\/\/initalyristorazione.al\/wp-content\/uploads\/2023\/09\/MOUSSE-ME-PROSHUTE-PARMA-768x1365.jpg 768w, https:\/\/initalyristorazione.al\/wp-content\/uploads\/2023\/09\/MOUSSE-ME-PROSHUTE-PARMA-864x1536.jpg 864w\" sizes=\"(max-width: 900px) 100vw, 900px\" \/>\t\t\t\t\t\t\t\t<\/a>\n\t\t\t\t\t\t\t\t\t\t\t\t\t\t\t<\/div>\n\t\t\t\t<\/div>\n\t\t\t\t<div class=\"elementor-element elementor-element-fa8bffe button_recete elementor-widget elementor-widget-button\" data-id=\"fa8bffe\" data-element_type=\"widget\" data-widget_type=\"button.default\">\n\t\t\t\t<div class=\"elementor-widget-container\">\n\t\t\t\t\t\t\t\t\t<div class=\"elementor-button-wrapper\">\n\t\t\t\t\t<a class=\"elementor-button elementor-size-sm\" role=\"button\">\n\t\t\t\t\t\t<span class=\"elementor-button-content-wrapper\">\n\t\t\t\t\t\t\t\t\t<span class=\"elementor-button-text\">Shiko m\u00eb shum\u00eb<\/span>\n\t\t\t\t\t<\/span>\n\t\t\t\t\t<\/a>\n\t\t\t\t<\/div>\n\t\t\t\t\t\t\t\t<\/div>\n\t\t\t\t<\/div>\n\t\t\t\t<\/div>\n\t\t\t\t\t<\/div>\n\t\t\t\t<\/div>\n\t\t\t\t<\/div>\n\t\t","protected":false},"excerpt":{"rendered":"<p>Home \/ Receta Kthehu Mbrapa Shiko m\u00eb shum\u00eb Shiko m\u00eb shum\u00eb<\/p>\n","protected":false},"author":1,"featured_media":0,"parent":3956,"menu_order":0,"comment_status":"closed","ping_status":"closed","template":"elementor_header_footer","meta":{"footnotes":""},"class_list":["post-5525","page","type-page","status-publish","hentry","single-post-custom-class-1"],"acf":[],"yoast_head":"<!-- This site is optimized with the Yoast SEO plugin v26.8 - https:\/\/yoast.com\/product\/yoast-seo-wordpress\/ -->\n<title>Dessert - INITALY RISTO &amp; GUSTO<\/title>\n<meta name=\"robots\" content=\"index, follow, max-snippet:-1, max-image-preview:large, max-video-preview:-1\" \/>\n<link rel=\"canonical\" href=\"https:\/\/initalyristorazione.al\/en\/recipes\/dessert\/\" \/>\n<meta property=\"og:locale\" content=\"en_US\" \/>\n<meta property=\"og:type\" content=\"article\" \/>\n<meta property=\"og:title\" content=\"Dessert - INITALY RISTO &amp; GUSTO\" \/>\n<meta property=\"og:description\" content=\"Home \/ Receta Kthehu Mbrapa Shiko m\u00eb shum\u00eb Shiko m\u00eb shum\u00eb\" \/>\n<meta property=\"og:url\" content=\"https:\/\/initalyristorazione.al\/en\/recipes\/dessert\/\" \/>\n<meta property=\"og:site_name\" content=\"INITALY RISTO &amp; GUSTO\" \/>\n<meta property=\"article:modified_time\" content=\"2023-11-21T15:47:54+00:00\" \/>\n<meta property=\"og:image\" content=\"https:\/\/initalyristorazione.al\/wp-content\/uploads\/2023\/09\/WhatsApp-Image-2023-09-25-at-15.57.24-1.jpeg\" \/>\n<meta name=\"twitter:card\" content=\"summary_large_image\" \/>\n<meta name=\"twitter:label1\" content=\"Est. reading time\" \/>\n\t<meta name=\"twitter:data1\" content=\"1 minute\" \/>\n<script type=\"application\/ld+json\" class=\"yoast-schema-graph\">{\"@context\":\"https:\/\/schema.org\",\"@graph\":[{\"@type\":\"WebPage\",\"@id\":\"https:\/\/initalyristorazione.al\/en\/recipes\/dessert\/\",\"url\":\"https:\/\/initalyristorazione.al\/en\/recipes\/dessert\/\",\"name\":\"Dessert - INITALY RISTO &amp; GUSTO\",\"isPartOf\":{\"@id\":\"https:\/\/initalyristorazione.al\/#website\"},\"primaryImageOfPage\":{\"@id\":\"https:\/\/initalyristorazione.al\/en\/recipes\/dessert\/#primaryimage\"},\"image\":{\"@id\":\"https:\/\/initalyristorazione.al\/en\/recipes\/dessert\/#primaryimage\"},\"thumbnailUrl\":\"https:\/\/initalyristorazione.al\/wp-content\/uploads\/2023\/09\/WhatsApp-Image-2023-09-25-at-15.57.24-1.jpeg\",\"datePublished\":\"2023-11-09T13:27:45+00:00\",\"dateModified\":\"2023-11-21T15:47:54+00:00\",\"breadcrumb\":{\"@id\":\"https:\/\/initalyristorazione.al\/en\/recipes\/dessert\/#breadcrumb\"},\"inLanguage\":\"en-US\",\"potentialAction\":[{\"@type\":\"ReadAction\",\"target\":[\"https:\/\/initalyristorazione.al\/en\/recipes\/dessert\/\"]}]},{\"@type\":\"ImageObject\",\"inLanguage\":\"en-US\",\"@id\":\"https:\/\/initalyristorazione.al\/en\/recipes\/dessert\/#primaryimage\",\"url\":\"https:\/\/initalyristorazione.al\/wp-content\/uploads\/2023\/09\/WhatsApp-Image-2023-09-25-at-15.57.24-1.jpeg\",\"contentUrl\":\"https:\/\/initalyristorazione.al\/wp-content\/uploads\/2023\/09\/WhatsApp-Image-2023-09-25-at-15.57.24-1.jpeg\"},{\"@type\":\"BreadcrumbList\",\"@id\":\"https:\/\/initalyristorazione.al\/en\/recipes\/dessert\/#breadcrumb\",\"itemListElement\":[{\"@type\":\"ListItem\",\"position\":1,\"name\":\"Home\",\"item\":\"https:\/\/initalyristorazione.al\/\"},{\"@type\":\"ListItem\",\"position\":2,\"name\":\"Recipes\",\"item\":\"https:\/\/initalyristorazione.al\/en\/recipes\/\"},{\"@type\":\"ListItem\",\"position\":3,\"name\":\"Dessert\"}]},{\"@type\":\"WebSite\",\"@id\":\"https:\/\/initalyristorazione.al\/#website\",\"url\":\"https:\/\/initalyristorazione.al\/\",\"name\":\"INITALY RISTO &amp; GUSTO\",\"description\":\"\",\"potentialAction\":[{\"@type\":\"SearchAction\",\"target\":{\"@type\":\"EntryPoint\",\"urlTemplate\":\"https:\/\/initalyristorazione.al\/?s={search_term_string}\"},\"query-input\":{\"@type\":\"PropertyValueSpecification\",\"valueRequired\":true,\"valueName\":\"search_term_string\"}}],\"inLanguage\":\"en-US\"}]}<\/script>\n<!-- \/ Yoast SEO plugin. -->","yoast_head_json":{"title":"Dessert - INITALY RISTO &amp; GUSTO","robots":{"index":"index","follow":"follow","max-snippet":"max-snippet:-1","max-image-preview":"max-image-preview:large","max-video-preview":"max-video-preview:-1"},"canonical":"https:\/\/initalyristorazione.al\/en\/recipes\/dessert\/","og_locale":"en_US","og_type":"article","og_title":"Dessert - INITALY RISTO &amp; GUSTO","og_description":"Home \/ Receta Kthehu Mbrapa Shiko m\u00eb shum\u00eb Shiko m\u00eb shum\u00eb","og_url":"https:\/\/initalyristorazione.al\/en\/recipes\/dessert\/","og_site_name":"INITALY RISTO &amp; GUSTO","article_modified_time":"2023-11-21T15:47:54+00:00","og_image":[{"url":"https:\/\/initalyristorazione.al\/wp-content\/uploads\/2023\/09\/WhatsApp-Image-2023-09-25-at-15.57.24-1.jpeg","type":"","width":"","height":""}],"twitter_card":"summary_large_image","twitter_misc":{"Est. reading time":"1 minute"},"schema":{"@context":"https:\/\/schema.org","@graph":[{"@type":"WebPage","@id":"https:\/\/initalyristorazione.al\/en\/recipes\/dessert\/","url":"https:\/\/initalyristorazione.al\/en\/recipes\/dessert\/","name":"Dessert - INITALY RISTO &amp; GUSTO","isPartOf":{"@id":"https:\/\/initalyristorazione.al\/#website"},"primaryImageOfPage":{"@id":"https:\/\/initalyristorazione.al\/en\/recipes\/dessert\/#primaryimage"},"image":{"@id":"https:\/\/initalyristorazione.al\/en\/recipes\/dessert\/#primaryimage"},"thumbnailUrl":"https:\/\/initalyristorazione.al\/wp-content\/uploads\/2023\/09\/WhatsApp-Image-2023-09-25-at-15.57.24-1.jpeg","datePublished":"2023-11-09T13:27:45+00:00","dateModified":"2023-11-21T15:47:54+00:00","breadcrumb":{"@id":"https:\/\/initalyristorazione.al\/en\/recipes\/dessert\/#breadcrumb"},"inLanguage":"en-US","potentialAction":[{"@type":"ReadAction","target":["https:\/\/initalyristorazione.al\/en\/recipes\/dessert\/"]}]},{"@type":"ImageObject","inLanguage":"en-US","@id":"https:\/\/initalyristorazione.al\/en\/recipes\/dessert\/#primaryimage","url":"https:\/\/initalyristorazione.al\/wp-content\/uploads\/2023\/09\/WhatsApp-Image-2023-09-25-at-15.57.24-1.jpeg","contentUrl":"https:\/\/initalyristorazione.al\/wp-content\/uploads\/2023\/09\/WhatsApp-Image-2023-09-25-at-15.57.24-1.jpeg"},{"@type":"BreadcrumbList","@id":"https:\/\/initalyristorazione.al\/en\/recipes\/dessert\/#breadcrumb","itemListElement":[{"@type":"ListItem","position":1,"name":"Home","item":"https:\/\/initalyristorazione.al\/"},{"@type":"ListItem","position":2,"name":"Recipes","item":"https:\/\/initalyristorazione.al\/en\/recipes\/"},{"@type":"ListItem","position":3,"name":"Dessert"}]},{"@type":"WebSite","@id":"https:\/\/initalyristorazione.al\/#website","url":"https:\/\/initalyristorazione.al\/","name":"INITALY RISTO &amp; GUSTO","description":"","potentialAction":[{"@type":"SearchAction","target":{"@type":"EntryPoint","urlTemplate":"https:\/\/initalyristorazione.al\/?s={search_term_string}"},"query-input":{"@type":"PropertyValueSpecification","valueRequired":true,"valueName":"search_term_string"}}],"inLanguage":"en-US"}]}},"_links":{"self":[{"href":"https:\/\/initalyristorazione.al\/en\/wp-json\/wp\/v2\/pages\/5525","targetHints":{"allow":["GET"]}}],"collection":[{"href":"https:\/\/initalyristorazione.al\/en\/wp-json\/wp\/v2\/pages"}],"about":[{"href":"https:\/\/initalyristorazione.al\/en\/wp-json\/wp\/v2\/types\/page"}],"author":[{"embeddable":true,"href":"https:\/\/initalyristorazione.al\/en\/wp-json\/wp\/v2\/users\/1"}],"replies":[{"embeddable":true,"href":"https:\/\/initalyristorazione.al\/en\/wp-json\/wp\/v2\/comments?post=5525"}],"version-history":[{"count":0,"href":"https:\/\/initalyristorazione.al\/en\/wp-json\/wp\/v2\/pages\/5525\/revisions"}],"up":[{"embeddable":true,"href":"https:\/\/initalyristorazione.al\/en\/wp-json\/wp\/v2\/pages\/3956"}],"wp:attachment":[{"href":"https:\/\/initalyristorazione.al\/en\/wp-json\/wp\/v2\/media?parent=5525"}],"curies":[{"name":"wp","href":"https:\/\/api.w.org\/{rel}","templated":true}]}}