{"id":5500,"date":"2023-11-09T13:12:55","date_gmt":"2023-11-09T13:12:55","guid":{"rendered":"https:\/\/initalyristorazione.al\/ricetta\/antipasta\/"},"modified":"2023-11-21T16:01:25","modified_gmt":"2023-11-21T16:01:25","slug":"antipasta","status":"publish","type":"page","link":"https:\/\/initalyristorazione.al\/it\/ricetta\/antipasta\/","title":{"rendered":"Antipasta"},"content":{"rendered":"\t\t<div data-elementor-type=\"wp-page\" data-elementor-id=\"5500\" class=\"elementor elementor-5500 elementor-5354\" data-elementor-post-type=\"page\">\n\t\t\t\t\t\t<section class=\"elementor-section elementor-top-section elementor-element elementor-element-2d501b4 elementor-section-height-min-height elementor-section-boxed elementor-section-height-default elementor-section-items-middle\" data-id=\"2d501b4\" data-element_type=\"section\" data-settings=\"{&quot;background_background&quot;:&quot;classic&quot;}\">\n\t\t\t\t\t\t\t<div class=\"elementor-background-overlay\"><\/div>\n\t\t\t\t\t\t\t<div class=\"elementor-container elementor-column-gap-default\">\n\t\t\t\t\t<div class=\"elementor-column elementor-col-100 elementor-top-column elementor-element elementor-element-57a0b03\" data-id=\"57a0b03\" data-element_type=\"column\">\n\t\t\t<div class=\"elementor-widget-wrap elementor-element-populated\">\n\t\t\t\t\t\t<div class=\"elementor-element elementor-element-64bd103 elementor-widget elementor-widget-heading\" data-id=\"64bd103\" data-element_type=\"widget\" data-widget_type=\"heading.default\">\n\t\t\t\t<div class=\"elementor-widget-container\">\n\t\t\t\t\t<h2 class=\"elementor-heading-title elementor-size-default\">Antipasta<\/h2>\t\t\t\t<\/div>\n\t\t\t\t<\/div>\n\t\t\t\t<div class=\"elementor-element elementor-element-ac52dd3 elementor-widget elementor-widget-text-editor\" data-id=\"ac52dd3\" data-element_type=\"widget\" data-widget_type=\"text-editor.default\">\n\t\t\t\t<div class=\"elementor-widget-container\">\n\t\t\t\t\t\t\t\t\t<p><a href=\"\/\">Home<\/a> \/ Receta<\/p>\t\t\t\t\t\t\t\t<\/div>\n\t\t\t\t<\/div>\n\t\t\t\t<div class=\"elementor-element elementor-element-2af707c elementor-align-center elementor-widget elementor-widget-button\" data-id=\"2af707c\" data-element_type=\"widget\" data-widget_type=\"button.default\">\n\t\t\t\t<div class=\"elementor-widget-container\">\n\t\t\t\t\t\t\t\t\t<div class=\"elementor-button-wrapper\">\n\t\t\t\t\t<a class=\"elementor-button elementor-button-link elementor-size-sm\" href=\"\/receta\/\">\n\t\t\t\t\t\t<span class=\"elementor-button-content-wrapper\">\n\t\t\t\t\t\t<span class=\"elementor-button-icon\">\n\t\t\t\t<i aria-hidden=\"true\" class=\"fas fa-arrow-left\"><\/i>\t\t\t<\/span>\n\t\t\t\t\t\t\t\t\t<span class=\"elementor-button-text\">Kthehu Mbrapa<\/span>\n\t\t\t\t\t<\/span>\n\t\t\t\t\t<\/a>\n\t\t\t\t<\/div>\n\t\t\t\t\t\t\t\t<\/div>\n\t\t\t\t<\/div>\n\t\t\t\t\t<\/div>\n\t\t<\/div>\n\t\t\t\t\t<\/div>\n\t\t<\/section>\n\t\t<div class=\"elementor-element elementor-element-5661fe8 e-flex e-con-boxed e-con e-parent\" data-id=\"5661fe8\" data-element_type=\"container\">\n\t\t\t\t\t<div class=\"e-con-inner\">\n\t\t<div class=\"elementor-element elementor-element-8211148 e-con-full initaly_receta e-flex e-con e-child\" data-id=\"8211148\" data-element_type=\"container\">\n\t\t\t\t<div class=\"elementor-element elementor-element-6fc540a elementor-widget elementor-widget-image\" data-id=\"6fc540a\" data-element_type=\"widget\" data-widget_type=\"image.default\">\n\t\t\t\t<div class=\"elementor-widget-container\">\n\t\t\t\t\t\t\t\t\t\t\t\t\t\t\t\t<a href=\"https:\/\/initalyristorazione.al\/\/wp-content\/uploads\/2023\/09\/ANTIPASTE.jpg\" data-elementor-open-lightbox=\"yes\" data-elementor-lightbox-title=\"ANTIPASTE\" data-e-action-hash=\"#elementor-action%3Aaction%3Dlightbox%26settings%3DeyJpZCI6MzQwMSwidXJsIjoiaHR0cHM6XC9cL2luaXRhbHlyaXN0b3JhemlvbmUuYWxcL3dwLWNvbnRlbnRcL3VwbG9hZHNcLzIwMjNcLzA5XC9BTlRJUEFTVEUuanBnIn0%3D\">\n\t\t\t\t\t\t\t<img fetchpriority=\"high\" decoding=\"async\" width=\"768\" height=\"1024\" src=\"https:\/\/initalyristorazione.al\/wp-content\/uploads\/2023\/09\/ANTIPASTE.jpg\" class=\"attachment-full size-full wp-image-3401\" alt=\"\" srcset=\"https:\/\/initalyristorazione.al\/wp-content\/uploads\/2023\/09\/ANTIPASTE.jpg 768w, https:\/\/initalyristorazione.al\/wp-content\/uploads\/2023\/09\/ANTIPASTE-225x300.jpg 225w\" sizes=\"(max-width: 768px) 100vw, 768px\" \/>\t\t\t\t\t\t\t\t<\/a>\n\t\t\t\t\t\t\t\t\t\t\t\t\t\t\t<\/div>\n\t\t\t\t<\/div>\n\t\t\t\t<div class=\"elementor-element elementor-element-990630e button_recete elementor-widget elementor-widget-button\" data-id=\"990630e\" data-element_type=\"widget\" data-widget_type=\"button.default\">\n\t\t\t\t<div class=\"elementor-widget-container\">\n\t\t\t\t\t\t\t\t\t<div class=\"elementor-button-wrapper\">\n\t\t\t\t\t<a class=\"elementor-button elementor-size-sm\" role=\"button\">\n\t\t\t\t\t\t<span class=\"elementor-button-content-wrapper\">\n\t\t\t\t\t\t\t\t\t<span class=\"elementor-button-text\">Shiko m\u00eb shum\u00eb<\/span>\n\t\t\t\t\t<\/span>\n\t\t\t\t\t<\/a>\n\t\t\t\t<\/div>\n\t\t\t\t\t\t\t\t<\/div>\n\t\t\t\t<\/div>\n\t\t\t\t<\/div>\n\t\t<div class=\"elementor-element elementor-element-311cd20 e-con-full initaly_receta e-flex e-con e-child\" data-id=\"311cd20\" data-element_type=\"container\">\n\t\t\t\t<div class=\"elementor-element elementor-element-f01e68e object-position-center elementor-widget elementor-widget-image\" data-id=\"f01e68e\" data-element_type=\"widget\" data-widget_type=\"image.default\">\n\t\t\t\t<div class=\"elementor-widget-container\">\n\t\t\t\t\t\t\t\t\t\t\t\t\t\t\t\t<a href=\"https:\/\/initalyristorazione.al\/wp-content\/uploads\/2023\/11\/01-2.jpg\" data-elementor-open-lightbox=\"yes\" data-elementor-lightbox-title=\"01\" data-e-action-hash=\"#elementor-action%3Aaction%3Dlightbox%26settings%3DeyJpZCI6NjQzNiwidXJsIjoiaHR0cHM6XC9cL2luaXRhbHlyaXN0b3JhemlvbmUuYWxcL3dwLWNvbnRlbnRcL3VwbG9hZHNcLzIwMjNcLzExXC8wMS0yLmpwZyJ9\">\n\t\t\t\t\t\t\t<img decoding=\"async\" width=\"1200\" height=\"795\" src=\"https:\/\/initalyristorazione.al\/wp-content\/uploads\/2023\/11\/01-2.jpg\" class=\"attachment-full size-full wp-image-6436\" alt=\"\" srcset=\"https:\/\/initalyristorazione.al\/wp-content\/uploads\/2023\/11\/01-2.jpg 1200w, https:\/\/initalyristorazione.al\/wp-content\/uploads\/2023\/11\/01-2-300x199.jpg 300w, https:\/\/initalyristorazione.al\/wp-content\/uploads\/2023\/11\/01-2-1024x678.jpg 1024w, https:\/\/initalyristorazione.al\/wp-content\/uploads\/2023\/11\/01-2-768x509.jpg 768w\" sizes=\"(max-width: 1200px) 100vw, 1200px\" \/>\t\t\t\t\t\t\t\t<\/a>\n\t\t\t\t\t\t\t\t\t\t\t\t\t\t\t<\/div>\n\t\t\t\t<\/div>\n\t\t\t\t<div class=\"elementor-element elementor-element-d701822 button_recete elementor-widget elementor-widget-button\" data-id=\"d701822\" data-element_type=\"widget\" data-widget_type=\"button.default\">\n\t\t\t\t<div class=\"elementor-widget-container\">\n\t\t\t\t\t\t\t\t\t<div class=\"elementor-button-wrapper\">\n\t\t\t\t\t<a class=\"elementor-button elementor-size-sm\" role=\"button\">\n\t\t\t\t\t\t<span class=\"elementor-button-content-wrapper\">\n\t\t\t\t\t\t\t\t\t<span class=\"elementor-button-text\">Shiko m\u00eb shum\u00eb<\/span>\n\t\t\t\t\t<\/span>\n\t\t\t\t\t<\/a>\n\t\t\t\t<\/div>\n\t\t\t\t\t\t\t\t<\/div>\n\t\t\t\t<\/div>\n\t\t\t\t<\/div>\n\t\t<div class=\"elementor-element elementor-element-92b0250 e-con-full initaly_receta e-flex e-con e-child\" data-id=\"92b0250\" data-element_type=\"container\">\n\t\t\t\t<div class=\"elementor-element elementor-element-75b0dab object-position-center elementor-widget elementor-widget-image\" data-id=\"75b0dab\" data-element_type=\"widget\" data-widget_type=\"image.default\">\n\t\t\t\t<div class=\"elementor-widget-container\">\n\t\t\t\t\t\t\t\t\t\t\t\t\t\t\t\t<a href=\"https:\/\/initalyristorazione.al\/wp-content\/uploads\/2023\/11\/02.jpg\" data-elementor-open-lightbox=\"yes\" data-elementor-lightbox-title=\"02\" data-e-action-hash=\"#elementor-action%3Aaction%3Dlightbox%26settings%3DeyJpZCI6NjQzOSwidXJsIjoiaHR0cHM6XC9cL2luaXRhbHlyaXN0b3JhemlvbmUuYWxcL3dwLWNvbnRlbnRcL3VwbG9hZHNcLzIwMjNcLzExXC8wMi5qcGcifQ%3D%3D\">\n\t\t\t\t\t\t\t<img decoding=\"async\" width=\"1200\" height=\"795\" src=\"https:\/\/initalyristorazione.al\/wp-content\/uploads\/2023\/11\/02.jpg\" class=\"attachment-full size-full wp-image-6439\" alt=\"\" srcset=\"https:\/\/initalyristorazione.al\/wp-content\/uploads\/2023\/11\/02.jpg 1200w, https:\/\/initalyristorazione.al\/wp-content\/uploads\/2023\/11\/02-300x199.jpg 300w, https:\/\/initalyristorazione.al\/wp-content\/uploads\/2023\/11\/02-1024x678.jpg 1024w, https:\/\/initalyristorazione.al\/wp-content\/uploads\/2023\/11\/02-768x509.jpg 768w\" sizes=\"(max-width: 1200px) 100vw, 1200px\" \/>\t\t\t\t\t\t\t\t<\/a>\n\t\t\t\t\t\t\t\t\t\t\t\t\t\t\t<\/div>\n\t\t\t\t<\/div>\n\t\t\t\t<div class=\"elementor-element elementor-element-27f9158 button_recete elementor-widget elementor-widget-button\" data-id=\"27f9158\" data-element_type=\"widget\" data-widget_type=\"button.default\">\n\t\t\t\t<div class=\"elementor-widget-container\">\n\t\t\t\t\t\t\t\t\t<div class=\"elementor-button-wrapper\">\n\t\t\t\t\t<a class=\"elementor-button elementor-size-sm\" role=\"button\">\n\t\t\t\t\t\t<span class=\"elementor-button-content-wrapper\">\n\t\t\t\t\t\t\t\t\t<span class=\"elementor-button-text\">Shiko m\u00eb shum\u00eb<\/span>\n\t\t\t\t\t<\/span>\n\t\t\t\t\t<\/a>\n\t\t\t\t<\/div>\n\t\t\t\t\t\t\t\t<\/div>\n\t\t\t\t<\/div>\n\t\t\t\t<\/div>\n\t\t\t\t\t<\/div>\n\t\t\t\t<\/div>\n\t\t\t\t<\/div>\n\t\t","protected":false},"excerpt":{"rendered":"<p>Home \/ Receta Kthehu Mbrapa Shiko m\u00eb shum\u00eb Shiko m\u00eb shum\u00eb Shiko m\u00eb shum\u00eb<\/p>\n","protected":false},"author":1,"featured_media":0,"parent":4019,"menu_order":0,"comment_status":"closed","ping_status":"closed","template":"elementor_header_footer","meta":{"footnotes":""},"class_list":["post-5500","page","type-page","status-publish","hentry","single-post-custom-class-1"],"acf":[],"yoast_head":"<!-- This site is optimized with the Yoast SEO plugin v26.8 - https:\/\/yoast.com\/product\/yoast-seo-wordpress\/ -->\n<title>Antipasta - INITALY RISTO &amp; GUSTO<\/title>\n<meta name=\"robots\" content=\"index, follow, max-snippet:-1, max-image-preview:large, max-video-preview:-1\" \/>\n<link rel=\"canonical\" href=\"https:\/\/initalyristorazione.al\/en\/recipes\/antipasta\/\" \/>\n<meta property=\"og:locale\" content=\"it_IT\" \/>\n<meta property=\"og:type\" content=\"article\" \/>\n<meta property=\"og:title\" content=\"Antipasta - INITALY RISTO &amp; GUSTO\" \/>\n<meta property=\"og:description\" content=\"Home \/ Receta Kthehu Mbrapa Shiko m\u00eb shum\u00eb Shiko m\u00eb shum\u00eb Shiko m\u00eb shum\u00eb\" \/>\n<meta property=\"og:url\" content=\"https:\/\/initalyristorazione.al\/en\/recipes\/antipasta\/\" \/>\n<meta property=\"og:site_name\" content=\"INITALY RISTO &amp; GUSTO\" \/>\n<meta property=\"article:modified_time\" content=\"2023-11-21T16:01:25+00:00\" \/>\n<meta property=\"og:image\" content=\"https:\/\/initalyristorazione.al\/wp-content\/uploads\/2023\/09\/ANTIPASTE.jpg\" \/>\n<meta name=\"twitter:card\" content=\"summary_large_image\" \/>\n<meta name=\"twitter:label1\" content=\"Tempo di lettura stimato\" \/>\n\t<meta name=\"twitter:data1\" content=\"1 minuto\" \/>\n<script type=\"application\/ld+json\" class=\"yoast-schema-graph\">{\"@context\":\"https:\/\/schema.org\",\"@graph\":[{\"@type\":\"WebPage\",\"@id\":\"https:\/\/initalyristorazione.al\/en\/recipes\/antipasta\/\",\"url\":\"https:\/\/initalyristorazione.al\/en\/recipes\/antipasta\/\",\"name\":\"Antipasta - INITALY RISTO &amp; GUSTO\",\"isPartOf\":{\"@id\":\"https:\/\/initalyristorazione.al\/#website\"},\"primaryImageOfPage\":{\"@id\":\"https:\/\/initalyristorazione.al\/en\/recipes\/antipasta\/#primaryimage\"},\"image\":{\"@id\":\"https:\/\/initalyristorazione.al\/en\/recipes\/antipasta\/#primaryimage\"},\"thumbnailUrl\":\"https:\/\/initalyristorazione.al\/wp-content\/uploads\/2023\/09\/ANTIPASTE.jpg\",\"datePublished\":\"2023-11-09T13:12:55+00:00\",\"dateModified\":\"2023-11-21T16:01:25+00:00\",\"breadcrumb\":{\"@id\":\"https:\/\/initalyristorazione.al\/en\/recipes\/antipasta\/#breadcrumb\"},\"inLanguage\":\"it-IT\",\"potentialAction\":[{\"@type\":\"ReadAction\",\"target\":[\"https:\/\/initalyristorazione.al\/en\/recipes\/antipasta\/\"]}]},{\"@type\":\"ImageObject\",\"inLanguage\":\"it-IT\",\"@id\":\"https:\/\/initalyristorazione.al\/en\/recipes\/antipasta\/#primaryimage\",\"url\":\"https:\/\/initalyristorazione.al\/wp-content\/uploads\/2023\/09\/ANTIPASTE.jpg\",\"contentUrl\":\"https:\/\/initalyristorazione.al\/wp-content\/uploads\/2023\/09\/ANTIPASTE.jpg\"},{\"@type\":\"BreadcrumbList\",\"@id\":\"https:\/\/initalyristorazione.al\/en\/recipes\/antipasta\/#breadcrumb\",\"itemListElement\":[{\"@type\":\"ListItem\",\"position\":1,\"name\":\"Home\",\"item\":\"https:\/\/initalyristorazione.al\/\"},{\"@type\":\"ListItem\",\"position\":2,\"name\":\"Ricetta\",\"item\":\"https:\/\/initalyristorazione.al\/en\/recipes\/\"},{\"@type\":\"ListItem\",\"position\":3,\"name\":\"Antipasta\"}]},{\"@type\":\"WebSite\",\"@id\":\"https:\/\/initalyristorazione.al\/#website\",\"url\":\"https:\/\/initalyristorazione.al\/\",\"name\":\"INITALY RISTO &amp; GUSTO\",\"description\":\"\",\"potentialAction\":[{\"@type\":\"SearchAction\",\"target\":{\"@type\":\"EntryPoint\",\"urlTemplate\":\"https:\/\/initalyristorazione.al\/?s={search_term_string}\"},\"query-input\":{\"@type\":\"PropertyValueSpecification\",\"valueRequired\":true,\"valueName\":\"search_term_string\"}}],\"inLanguage\":\"it-IT\"}]}<\/script>\n<!-- \/ Yoast SEO plugin. -->","yoast_head_json":{"title":"Antipasta - INITALY RISTO &amp; GUSTO","robots":{"index":"index","follow":"follow","max-snippet":"max-snippet:-1","max-image-preview":"max-image-preview:large","max-video-preview":"max-video-preview:-1"},"canonical":"https:\/\/initalyristorazione.al\/en\/recipes\/antipasta\/","og_locale":"it_IT","og_type":"article","og_title":"Antipasta - INITALY RISTO &amp; GUSTO","og_description":"Home \/ Receta Kthehu Mbrapa Shiko m\u00eb shum\u00eb Shiko m\u00eb shum\u00eb Shiko m\u00eb shum\u00eb","og_url":"https:\/\/initalyristorazione.al\/en\/recipes\/antipasta\/","og_site_name":"INITALY RISTO &amp; GUSTO","article_modified_time":"2023-11-21T16:01:25+00:00","og_image":[{"url":"https:\/\/initalyristorazione.al\/wp-content\/uploads\/2023\/09\/ANTIPASTE.jpg","type":"","width":"","height":""}],"twitter_card":"summary_large_image","twitter_misc":{"Tempo di lettura stimato":"1 minuto"},"schema":{"@context":"https:\/\/schema.org","@graph":[{"@type":"WebPage","@id":"https:\/\/initalyristorazione.al\/en\/recipes\/antipasta\/","url":"https:\/\/initalyristorazione.al\/en\/recipes\/antipasta\/","name":"Antipasta - INITALY RISTO &amp; GUSTO","isPartOf":{"@id":"https:\/\/initalyristorazione.al\/#website"},"primaryImageOfPage":{"@id":"https:\/\/initalyristorazione.al\/en\/recipes\/antipasta\/#primaryimage"},"image":{"@id":"https:\/\/initalyristorazione.al\/en\/recipes\/antipasta\/#primaryimage"},"thumbnailUrl":"https:\/\/initalyristorazione.al\/wp-content\/uploads\/2023\/09\/ANTIPASTE.jpg","datePublished":"2023-11-09T13:12:55+00:00","dateModified":"2023-11-21T16:01:25+00:00","breadcrumb":{"@id":"https:\/\/initalyristorazione.al\/en\/recipes\/antipasta\/#breadcrumb"},"inLanguage":"it-IT","potentialAction":[{"@type":"ReadAction","target":["https:\/\/initalyristorazione.al\/en\/recipes\/antipasta\/"]}]},{"@type":"ImageObject","inLanguage":"it-IT","@id":"https:\/\/initalyristorazione.al\/en\/recipes\/antipasta\/#primaryimage","url":"https:\/\/initalyristorazione.al\/wp-content\/uploads\/2023\/09\/ANTIPASTE.jpg","contentUrl":"https:\/\/initalyristorazione.al\/wp-content\/uploads\/2023\/09\/ANTIPASTE.jpg"},{"@type":"BreadcrumbList","@id":"https:\/\/initalyristorazione.al\/en\/recipes\/antipasta\/#breadcrumb","itemListElement":[{"@type":"ListItem","position":1,"name":"Home","item":"https:\/\/initalyristorazione.al\/"},{"@type":"ListItem","position":2,"name":"Ricetta","item":"https:\/\/initalyristorazione.al\/en\/recipes\/"},{"@type":"ListItem","position":3,"name":"Antipasta"}]},{"@type":"WebSite","@id":"https:\/\/initalyristorazione.al\/#website","url":"https:\/\/initalyristorazione.al\/","name":"INITALY RISTO &amp; GUSTO","description":"","potentialAction":[{"@type":"SearchAction","target":{"@type":"EntryPoint","urlTemplate":"https:\/\/initalyristorazione.al\/?s={search_term_string}"},"query-input":{"@type":"PropertyValueSpecification","valueRequired":true,"valueName":"search_term_string"}}],"inLanguage":"it-IT"}]}},"_links":{"self":[{"href":"https:\/\/initalyristorazione.al\/it\/wp-json\/wp\/v2\/pages\/5500","targetHints":{"allow":["GET"]}}],"collection":[{"href":"https:\/\/initalyristorazione.al\/it\/wp-json\/wp\/v2\/pages"}],"about":[{"href":"https:\/\/initalyristorazione.al\/it\/wp-json\/wp\/v2\/types\/page"}],"author":[{"embeddable":true,"href":"https:\/\/initalyristorazione.al\/it\/wp-json\/wp\/v2\/users\/1"}],"replies":[{"embeddable":true,"href":"https:\/\/initalyristorazione.al\/it\/wp-json\/wp\/v2\/comments?post=5500"}],"version-history":[{"count":0,"href":"https:\/\/initalyristorazione.al\/it\/wp-json\/wp\/v2\/pages\/5500\/revisions"}],"up":[{"embeddable":true,"href":"https:\/\/initalyristorazione.al\/it\/wp-json\/wp\/v2\/pages\/4019"}],"wp:attachment":[{"href":"https:\/\/initalyristorazione.al\/it\/wp-json\/wp\/v2\/media?parent=5500"}],"curies":[{"name":"wp","href":"https:\/\/api.w.org\/{rel}","templated":true}]}}